{"id":514,"date":"2024-08-19T11:14:06","date_gmt":"2024-08-19T09:14:06","guid":{"rendered":"https:\/\/www.relai-smtp.com\/faq\/?page_id=514"},"modified":"2024-10-09T11:37:02","modified_gmt":"2024-10-09T09:37:02","slug":"office-365-microsoft","status":"publish","type":"page","link":"https:\/\/www.relai-smtp.com\/faq\/les-logiciels\/office-365-microsoft\/","title":{"rendered":"Office 365 (Microsoft)"},"content":{"rendered":"<p>Le but est de configurer Office 365 afin qu&rsquo;il d\u00e9pose tous les mails sortants sur les serveurs relai-smtp qui se chargeront de la remise au destinataire.<\/p>\n<p>Nous consid\u00e8rerons que vous \u00eates connect\u00e9 avec un compte administrateur Office365 et que vous n&rsquo;avez pas encore de connecteur d&rsquo;envoi. Si vous en avez un, il faudra le supprimer au pr\u00e9alable.<\/p>\n<p>Voici les diff\u00e9rentes \u00e9tapes n\u00e9cessaires \u00e0 la mise en place :<\/p>\n<h2>1 &#8211; Connecteur sortant<\/h2>\n<h3>1.1 &#8211; Rendez-vous \u00e0 la rubrique Admin -&gt; Exchange.<\/h3>\n<p>Le centre d&rsquo;administration s&rsquo;affiche alors.<\/p>\n<h3>1.2 &#8211; Choisissez \u00ab\u00a0Flux de messagerie\u00a0\u00bb (\u00e0 gauche) puis \u00ab\u00a0Connecteurs\u00a0\u00bb (en haut)<\/h3>\n<p>Nous allons ajouter un connecteur sortant. Ainsi, Office365 saura de quelle mani\u00e8re nous souhaitons que les mails sortants soient pris en charge.<\/p>\n<h4>1.2.01 &#8211; Cliquez sur<strong> +<\/strong><\/h4>\n<p>L&rsquo;\u00e9cran de configuration du connecteur apparait.<\/p>\n<h4>1.2.02 \u00ab\u00a0<strong>De\u00a0\u00bb<\/strong> : s\u00e9lectionnez \u00ab\u00a0<em>Office 365<\/em>\u00ab\u00a0<\/h4>\n<h4>1.2.03 \u00ab\u00a0<strong>A\u00a0\u00bb<\/strong> : s\u00e9lectionnez \u00ab\u00a0<em>Organisation partenaire<\/em>\u00ab\u00a0<\/h4>\n<h4>1.2.04 Cliquez sur \u00ab\u00a0Suivant\u00a0\u00bb<\/h4>\n<h4>1.2.05 \u00ab\u00a0<strong>Nom\u00a0\u00bb<\/strong> : donnez un nom \u00e0 votre connecter<\/h4>\n<p>Par exemple : \u00ab\u00a0relai-smtp\u00a0\u00bb pour qu&rsquo;il soit ais\u00e9ment identifiable.<\/p>\n<h4>1.2.06 \u00ab\u00a0<strong>Activer\u00a0\u00bb :<\/strong> Cochez la case<\/h4>\n<h4>1.2.07 Cliquez sur \u00ab\u00a0Suivant\u00a0\u00bb<\/h4>\n<h4>1.2.08 Choisir \u00ab\u00a0<strong><span class=\"ph cmd\"><span class=\"ph uicontrol\">Uniquement lorsqu&rsquo;une r\u00e8gle de transport est configur\u00e9e [&#8230;]<\/span><\/span><\/strong>\u00ab\u00a0<\/h4>\n<h4>1.2.09 Cliquez sur \u00ab\u00a0Suivant\u00a0\u00bb<\/h4>\n<h4>1.2.10 <strong>\u00ab\u00a0<span class=\"ph cmd\"><span class=\"ph uicontrol\">Router le courrier via ces h\u00f4tes actifs\u00a0\u00bb<\/span><\/span><\/strong> : smtp.relai-smtp.net<\/h4>\n<h4>1.2.11 Cliquez sur \u00ab\u00a0Suivant\u00a0\u00bb<\/h4>\n<h4>1.2.12 Conservez les choix par d\u00e9faut et faites \u00ab\u00a0Suivant\u00a0\u00bb.<\/h4>\n<h4>1.2.13 Le r\u00e9sum\u00e9 de vos choix s&rsquo;affiche. Cliquez sur \u00ab\u00a0Enregistrer\u00a0\u00bb pour terminer la cr\u00e9ation de votre connecteur sortant.<\/h4>\n<h2>2 &#8211; R\u00e8gle de flux de messagerie<\/h2>\n<h4>2.1 &#8211; Choisissez \u00ab\u00a0Flux de messagerie\u00a0\u00bb (\u00e0 gauche) puis \u00ab\u00a0R\u00e8gles\u00a0\u00bb (en haut)<\/h4>\n<h4>2.2 Cliquez sur <strong>+<\/strong><\/h4>\n<h4>2.3 Cliquez sur <strong>\u00ab\u00a0Cr\u00e9er une r\u00e8gle\u00a0\u00bb<br \/>\n<\/strong><\/h4>\n<h4>2.4 \u00ab\u00a0<strong>Nom\u00a0\u00bb<\/strong> : donnez un nom \u00e0 votre r\u00e8gle<\/h4>\n<p>Par exemple : \u00ab\u00a0relai-smtp\u00a0\u00bb pour qu&rsquo;il soit ais\u00e9ment identifiable.<\/p>\n<h4>2.5 Choisissez le cadre d&rsquo;application de la r\u00e8gle sous <strong>\u00ab\u00a0Appliquez la r\u00e8gle si&#8230;\u00a0\u00bb<\/strong><\/h4>\n<p>G\u00e9n\u00e9ralement, on s\u00e9lectionne \u00ab\u00a0<strong>Le destinataire est situ\u00e9<\/strong>\u00a0\u00bb et \u00ab\u00a0<strong>En dehors de l&rsquo;organisation<\/strong>\u00a0\u00bb afin de ne re-router que les messages dont le destinataire n&rsquo;est pas h\u00e9berg\u00e9 sur votre infrastructure.<\/p>\n<h4>2.6 <span class=\"ph cmd\">Cliquez sur <strong>\u00ab\u00a0<span class=\"ph uicontrol\">Plus d&rsquo;options\u00a0\u00bb<\/span><\/strong><\/span><\/h4>\n<h4>2.7. Dans \u00ab\u00a0<strong>Proc\u00e9der comme suit&#8230;<\/strong>\u00ab\u00a0<\/h4>\n<p>Choisissez \u00ab\u00a0<strong>Rediriger le message vers<\/strong>\u00ab\u00a0, \u00ab\u00a0<strong>Le connecteur suivant<\/strong>\u00a0\u00bb et \u00ab\u00a0<strong>relai-smtp<\/strong>\u00a0\u00bb ( voir 1.2.05 ci-dessus)<\/p>\n<h4>2.8 Personnalisez les autres informations de l&rsquo;\u00e9cran si besoin<\/h4>\n<h4>2.9 &#8211; Cliquez sur \u00ab\u00a0<strong>Enregistrer<\/strong>\u00ab\u00a0<\/h4>\n<p>F\u00e9licitations, vos prochains envois seront d\u00e9pos\u00e9s sur nos serveurs pour remise \u00e0 leur destinataires finaux.<\/p>\n<p>&nbsp;<\/p>\n<pre>Ce guide s'inspire des informations fournies par Microsoft \u00e0 l'adresse :\r\n<a href=\"https:\/\/learn.microsoft.com\/fr-fr\/exchange\/security-and-compliance\/mail-flow-rules\/mail-flow-rules\">https:\/\/learn.microsoft.com\/fr-fr\/exchange\/security-and-compliance\/mail-flow-rules\/mail-flow-rules<\/a><\/pre>\n<p>&nbsp;<\/p>\n<p>&nbsp;<\/p>\n<p>&nbsp;<\/p>\n","protected":false},"excerpt":{"rendered":"<p>Le but est de configurer Office 365 afin qu&rsquo;il d\u00e9pose tous les mails sortants sur les serveurs relai-smtp qui se chargeront de la remise au destinataire. Nous consid\u00e8rerons que vous \u00eates connect\u00e9 avec un compte administrateur Office365 et que vous n&rsquo;avez pas encore de connecteur d&rsquo;envoi. Si vous en avez un, il faudra le supprimer [&hellip;]<\/p>\n","protected":false},"author":1,"featured_media":0,"parent":147,"menu_order":0,"comment_status":"closed","ping_status":"closed","template":"","meta":{"footnotes":""},"class_list":["post-514","page","type-page","status-publish","hentry"],"_links":{"self":[{"href":"https:\/\/www.relai-smtp.com\/faq\/wp-json\/wp\/v2\/pages\/514","targetHints":{"allow":["GET"]}}],"collection":[{"href":"https:\/\/www.relai-smtp.com\/faq\/wp-json\/wp\/v2\/pages"}],"about":[{"href":"https:\/\/www.relai-smtp.com\/faq\/wp-json\/wp\/v2\/types\/page"}],"author":[{"embeddable":true,"href":"https:\/\/www.relai-smtp.com\/faq\/wp-json\/wp\/v2\/users\/1"}],"replies":[{"embeddable":true,"href":"https:\/\/www.relai-smtp.com\/faq\/wp-json\/wp\/v2\/comments?post=514"}],"version-history":[{"count":41,"href":"https:\/\/www.relai-smtp.com\/faq\/wp-json\/wp\/v2\/pages\/514\/revisions"}],"predecessor-version":[{"id":555,"href":"https:\/\/www.relai-smtp.com\/faq\/wp-json\/wp\/v2\/pages\/514\/revisions\/555"}],"up":[{"embeddable":true,"href":"https:\/\/www.relai-smtp.com\/faq\/wp-json\/wp\/v2\/pages\/147"}],"wp:attachment":[{"href":"https:\/\/www.relai-smtp.com\/faq\/wp-json\/wp\/v2\/media?parent=514"}],"curies":[{"name":"wp","href":"https:\/\/api.w.org\/{rel}","templated":true}]}}