{"id":407,"date":"2023-07-04T11:52:46","date_gmt":"2023-07-04T09:52:46","guid":{"rendered":"https:\/\/www.relai-smtp.com\/faq\/?page_id=407"},"modified":"2023-12-14T13:22:35","modified_gmt":"2023-12-14T12:22:35","slug":"exchange-server-2016-microsoft","status":"publish","type":"page","link":"https:\/\/www.relai-smtp.com\/faq\/les-logiciels\/exchange-server-2016-microsoft\/","title":{"rendered":"Exchange server 2016 (Microsoft)"},"content":{"rendered":"<p>Le but est de configurer Exchange Server 2016 afin qu&rsquo;il d\u00e9pose tous les mails sortants sur les serveurs relai-smtp qui se chargeront de la remise au destinataire. Nous consid\u00e8rerons que vous n&rsquo;avez pas encore de connecteur d&rsquo;envoi. Si vous en avez un, il faudra le supprimer au pr\u00e9alable.<\/p>\n<p>Voici les diff\u00e9rentes \u00e9tapes n\u00e9cessaires \u00e0 la mise en place.<\/p>\n<h2>A &#8211; Configuration avec un compte smtp<\/h2>\n<h3>A1 &#8211; Cr\u00e9er un compte smtp<\/h3>\n<p>Pour cr\u00e9er un compte smtp, suivez les <a href=\"https:\/\/www.relai-smtp.com\/faq\/mise_en_route_rapide\/relai-par-compte-smtp\/\">\u00e9tapes d\u00e9crites ici<\/a> puis reprenez le cours de ce guide. Dans le cas pr\u00e9sent, nous avons cr\u00e9\u00e9 le compte relai-smtp@mondomaine.fr avec le mot de passe motdepasse!<\/p>\n<h3>A2 &#8211; Connectez-vous \u00e0 la console ECP de Microsoft Exchange 2016<\/h3>\n<p>https:\/\/[MonServeurExchange2016]\/ECP<\/p>\n<p><em>Remplacez [MonServeurExchange2016] par le nom de votre serveur.<\/em><\/p>\n<h3>A3 &#8211; Choisissez \u00ab\u00a0Flux de courrier\u00a0\u00bb<\/h3>\n<p><img loading=\"lazy\" decoding=\"async\" class=\"alignnone size-full wp-image-418\" src=\"https:\/\/www.relai-smtp.com\/faq\/wp-content\/uploads\/2023\/07\/Domwest_exchange_2016_menu_flux_de_courrier.png\" alt=\"\" width=\"151\" height=\"292\" \/><\/p>\n<h3>A4 &#8211; Dans le menu du haut, cliquez sur \u00ab\u00a0connecteur d&rsquo;envoi\u00a0\u00bb<\/h3>\n<p><img loading=\"lazy\" decoding=\"async\" class=\"alignnone size-full wp-image-423\" src=\"https:\/\/www.relai-smtp.com\/faq\/wp-content\/uploads\/2023\/07\/DomWest_Exchange_2016_Menu-Connecteur_envoi.png\" alt=\"\" width=\"951\" height=\"92\" srcset=\"https:\/\/www.relai-smtp.com\/faq\/wp-content\/uploads\/2023\/07\/DomWest_Exchange_2016_Menu-Connecteur_envoi.png 951w, https:\/\/www.relai-smtp.com\/faq\/wp-content\/uploads\/2023\/07\/DomWest_Exchange_2016_Menu-Connecteur_envoi-300x29.png 300w, https:\/\/www.relai-smtp.com\/faq\/wp-content\/uploads\/2023\/07\/DomWest_Exchange_2016_Menu-Connecteur_envoi-768x74.png 768w\" sizes=\"auto, (max-width: 951px) 100vw, 951px\" \/><\/p>\n<h3>A5 &#8211; Cliquez sur + pour ajouter un connecteur<\/h3>\n<p><img loading=\"lazy\" decoding=\"async\" class=\"alignnone size-full wp-image-427\" src=\"https:\/\/www.relai-smtp.com\/faq\/wp-content\/uploads\/2023\/07\/Domwest_exchange_2016_menu_plus.png\" alt=\"\" width=\"121\" height=\"53\" \/><\/p>\n<h3>A6 &#8211; Dans l&rsquo;onglet \u00ab\u00a0G\u00e9n\u00e9ral\u00a0\u00bb, nommez le connecteur et activez-le<\/h3>\n<p><img loading=\"lazy\" decoding=\"async\" class=\"alignnone size-full wp-image-432\" src=\"https:\/\/www.relai-smtp.com\/faq\/wp-content\/uploads\/2023\/07\/Relai-Smtp.com_Exchange_2016_connecteur_envoi_general.png\" alt=\"\" width=\"570\" height=\"234\" srcset=\"https:\/\/www.relai-smtp.com\/faq\/wp-content\/uploads\/2023\/07\/Relai-Smtp.com_Exchange_2016_connecteur_envoi_general.png 570w, https:\/\/www.relai-smtp.com\/faq\/wp-content\/uploads\/2023\/07\/Relai-Smtp.com_Exchange_2016_connecteur_envoi_general-300x123.png 300w\" sizes=\"auto, (max-width: 570px) 100vw, 570px\" \/><\/p>\n<p>Renseignez \u00ab\u00a0Relai-smtp.com\u00a0\u00bb dans la zone nom et cochez \u00ab\u00a0Activer\u00a0\u00bb<\/p>\n<h3>A7 &#8211; Onglet \u00ab\u00a0Remise\u00a0\u00bb, d\u00e9finissez l&rsquo;h\u00f4te et l&rsquo;authentification<\/h3>\n<p><img loading=\"lazy\" decoding=\"async\" class=\"alignnone size-full wp-image-439\" src=\"https:\/\/www.relai-smtp.com\/faq\/wp-content\/uploads\/2023\/07\/Relai-Smtp.com_Exchange_2016_connecteur_envoi_remise.png\" alt=\"\" width=\"579\" height=\"490\" srcset=\"https:\/\/www.relai-smtp.com\/faq\/wp-content\/uploads\/2023\/07\/Relai-Smtp.com_Exchange_2016_connecteur_envoi_remise.png 579w, https:\/\/www.relai-smtp.com\/faq\/wp-content\/uploads\/2023\/07\/Relai-Smtp.com_Exchange_2016_connecteur_envoi_remise-300x254.png 300w\" sizes=\"auto, (max-width: 579px) 100vw, 579px\" \/><\/p>\n<p>S\u00e9lectionnez \u00ab\u00a0Acheminer les courriers via des h\u00f4tes actifs\u00a0\u00bb.<\/p>\n<p>Cliquez \u00ab\u00a0+\u00a0\u00bb et ajoutez l&rsquo;adresse de nos serveurs SMTP : smtp.relai-smtp.net<\/p>\n<p>S\u00e9lectionnez \u00ab\u00a0Authentification de base\u00a0\u00bb, cochez la case et renseignez \u00ab\u00a0Nom d&rsquo;utilisateur\u00a0\u00bb et \u00ab\u00a0Mot de passe\u00a0\u00bb avec le compte SMTP que vous avez cr\u00e9\u00e9 sur notre zone client \u00e0 l&rsquo;\u00e9tape 1.<\/p>\n<h3>A8 &#8211; Onglet \u00c9tendue<\/h3>\n<p><img loading=\"lazy\" decoding=\"async\" class=\"alignnone size-full wp-image-449\" src=\"https:\/\/www.relai-smtp.com\/faq\/wp-content\/uploads\/2023\/08\/Relai-Smtp.com-Exchange-2016-onglet-etendue.png\" alt=\"\" width=\"579\" height=\"476\" srcset=\"https:\/\/www.relai-smtp.com\/faq\/wp-content\/uploads\/2023\/08\/Relai-Smtp.com-Exchange-2016-onglet-etendue.png 579w, https:\/\/www.relai-smtp.com\/faq\/wp-content\/uploads\/2023\/08\/Relai-Smtp.com-Exchange-2016-onglet-etendue-300x247.png 300w\" sizes=\"auto, (max-width: 579px) 100vw, 579px\" \/><\/p>\n<p>Cliquez \u00ab\u00a0+\u00a0\u00bb et indiquez \u00ab\u00a0*\u00a0\u00bb si vous souhaitez faire relayer l&rsquo;int\u00e9gralit\u00e9 de vos mails par nos serveurs. Si vous souhaitez prendre en charge sp\u00e9cifiquement un nom de domaine de destinataire, remplacer \u00ab\u00a0*\u00a0\u00bb par ce dernier.<\/p>\n<p>Cliquez \u00ab\u00a0+\u00a0\u00bb et renseignez le ou les serveurs qui vont utiliser ce connecteur.<\/p>\n<h3>A9 &#8211; Onglet Activation du connecteur<\/h3>\n<p><img loading=\"lazy\" decoding=\"async\" class=\"alignnone size-full wp-image-457\" src=\"https:\/\/www.relai-smtp.com\/faq\/wp-content\/uploads\/2023\/08\/Relai-Smtp.com_Exchange_2016_connecteur_envoi_activation.png\" alt=\"\" width=\"959\" height=\"216\" srcset=\"https:\/\/www.relai-smtp.com\/faq\/wp-content\/uploads\/2023\/08\/Relai-Smtp.com_Exchange_2016_connecteur_envoi_activation.png 959w, https:\/\/www.relai-smtp.com\/faq\/wp-content\/uploads\/2023\/08\/Relai-Smtp.com_Exchange_2016_connecteur_envoi_activation-300x68.png 300w, https:\/\/www.relai-smtp.com\/faq\/wp-content\/uploads\/2023\/08\/Relai-Smtp.com_Exchange_2016_connecteur_envoi_activation-768x173.png 768w\" sizes=\"auto, (max-width: 959px) 100vw, 959px\" \/><\/p>\n<p>S\u00e9lectionnez le connecteur que vous venez de cr\u00e9er puis cliquez sur \u00ab\u00a0Activer\u00a0\u00bb pour le rendre fonctionnel.<\/p>\n<p>&nbsp;<\/p>\n<h2>B &#8211; Configuration avec une adresse ip<\/h2>\n<p>&nbsp;<\/p>\n<h3>B1 &#8211; Cr\u00e9er un relai par adresse ip<\/h3>\n<p>Pour cr\u00e9er un <a href=\"https:\/\/www.relai-smtp.com\/faq\/mise_en_route_rapide\/relai-par-adresse-ip\/\"><em>relai par adresse ip<\/em><\/a>, suivez les \u00e9tapes d\u00e9crites <a href=\"https:\/\/www.relai-smtp.com\/faq\/mise_en_route_rapide\/relai-par-adresse-ip\/\">ici<\/a> puis reprenez le cours de ce guide. Dans le cas pr\u00e9sent, nous utiliserons l&rsquo;adresse IP <em>1.2.3.4<\/em> et le nom de domaine <em>mondomaine.fr.<\/em><\/p>\n<p>&nbsp;<\/p>\n<h3>B2 &#8211; Connectez-vous \u00e0 la console ECP de Microsoft Exchange 2016<\/h3>\n<p>https:\/\/[MonServeurExchange2016]\/ECP<\/p>\n<p><em>Remplacez [MonServeurExchange2016] par le nom de votre serveur.<\/em><\/p>\n<p>&nbsp;<\/p>\n<h3>B3 &#8211; Choisissez \u00ab\u00a0Flux de courrier\u00a0\u00bb<\/h3>\n<p><img loading=\"lazy\" decoding=\"async\" class=\"alignnone size-full wp-image-418\" src=\"https:\/\/www.relai-smtp.com\/faq\/wp-content\/uploads\/2023\/07\/Domwest_exchange_2016_menu_flux_de_courrier.png\" alt=\"\" width=\"151\" height=\"292\" \/><\/p>\n<h3>B4 &#8211; Dans le menu du haut, cliquez sur \u00ab\u00a0connecteur d&rsquo;envoi\u00a0\u00bb<\/h3>\n<p><img loading=\"lazy\" decoding=\"async\" class=\"alignnone size-full wp-image-423\" src=\"https:\/\/www.relai-smtp.com\/faq\/wp-content\/uploads\/2023\/07\/DomWest_Exchange_2016_Menu-Connecteur_envoi.png\" alt=\"\" width=\"951\" height=\"92\" srcset=\"https:\/\/www.relai-smtp.com\/faq\/wp-content\/uploads\/2023\/07\/DomWest_Exchange_2016_Menu-Connecteur_envoi.png 951w, https:\/\/www.relai-smtp.com\/faq\/wp-content\/uploads\/2023\/07\/DomWest_Exchange_2016_Menu-Connecteur_envoi-300x29.png 300w, https:\/\/www.relai-smtp.com\/faq\/wp-content\/uploads\/2023\/07\/DomWest_Exchange_2016_Menu-Connecteur_envoi-768x74.png 768w\" sizes=\"auto, (max-width: 951px) 100vw, 951px\" \/><\/p>\n<h3>B5 &#8211; Cliquez sur + pour ajouter un connecteur<\/h3>\n<p><img loading=\"lazy\" decoding=\"async\" class=\"alignnone size-full wp-image-427\" src=\"https:\/\/www.relai-smtp.com\/faq\/wp-content\/uploads\/2023\/07\/Domwest_exchange_2016_menu_plus.png\" alt=\"\" width=\"121\" height=\"53\" \/><\/p>\n<h3>B6 &#8211; Dans l&rsquo;onglet \u00ab\u00a0G\u00e9n\u00e9ral\u00a0\u00bb, nommez le connecteur et activez-le<\/h3>\n<p><img loading=\"lazy\" decoding=\"async\" class=\"alignnone size-full wp-image-432\" src=\"https:\/\/www.relai-smtp.com\/faq\/wp-content\/uploads\/2023\/07\/Relai-Smtp.com_Exchange_2016_connecteur_envoi_general.png\" alt=\"\" width=\"570\" height=\"234\" srcset=\"https:\/\/www.relai-smtp.com\/faq\/wp-content\/uploads\/2023\/07\/Relai-Smtp.com_Exchange_2016_connecteur_envoi_general.png 570w, https:\/\/www.relai-smtp.com\/faq\/wp-content\/uploads\/2023\/07\/Relai-Smtp.com_Exchange_2016_connecteur_envoi_general-300x123.png 300w\" sizes=\"auto, (max-width: 570px) 100vw, 570px\" \/><\/p>\n<p>Renseignez \u00ab\u00a0Relai-smtp.com\u00a0\u00bb dans la zone nom et cochez \u00ab\u00a0Activer\u00a0\u00bb<\/p>\n<p>&nbsp;<\/p>\n<h3>B7 &#8211; Onglet \u00ab\u00a0Remise\u00a0\u00bb, d\u00e9finissez l&rsquo;h\u00f4te<\/h3>\n<p><img loading=\"lazy\" decoding=\"async\" class=\"alignnone size-full wp-image-477\" src=\"https:\/\/www.relai-smtp.com\/faq\/wp-content\/uploads\/2023\/09\/Smtp.com_Exchange_2016_connecteur_envoi_remise_sans_authentification.png\" alt=\"\" width=\"416\" height=\"282\" srcset=\"https:\/\/www.relai-smtp.com\/faq\/wp-content\/uploads\/2023\/09\/Smtp.com_Exchange_2016_connecteur_envoi_remise_sans_authentification.png 416w, https:\/\/www.relai-smtp.com\/faq\/wp-content\/uploads\/2023\/09\/Smtp.com_Exchange_2016_connecteur_envoi_remise_sans_authentification-300x203.png 300w, https:\/\/www.relai-smtp.com\/faq\/wp-content\/uploads\/2023\/09\/Smtp.com_Exchange_2016_connecteur_envoi_remise_sans_authentification-90x60.png 90w, https:\/\/www.relai-smtp.com\/faq\/wp-content\/uploads\/2023\/09\/Smtp.com_Exchange_2016_connecteur_envoi_remise_sans_authentification-250x170.png 250w\" sizes=\"auto, (max-width: 416px) 100vw, 416px\" \/><\/p>\n<p>S\u00e9lectionnez \u00ab\u00a0Acheminer les courriers via des h\u00f4tes actifs\u00a0\u00bb.<\/p>\n<p>Cliquez \u00ab\u00a0+\u00a0\u00bb et ajoutez l&rsquo;adresse de nos serveurs SMTP : smtp.relai-smtp.net<\/p>\n<p>S\u00e9lectionnez \u00ab\u00a0Aucun\u00a0\u00bb pour l&rsquo;authentification car c&rsquo;est votre adresse IP qui nous permettra de vous identifier.<\/p>\n<p>&nbsp;<\/p>\n<h3>B8 &#8211; Onglet \u00c9tendue<\/h3>\n<p><img loading=\"lazy\" decoding=\"async\" class=\"alignnone size-full wp-image-449\" src=\"https:\/\/www.relai-smtp.com\/faq\/wp-content\/uploads\/2023\/08\/Relai-Smtp.com-Exchange-2016-onglet-etendue.png\" alt=\"\" width=\"579\" height=\"476\" srcset=\"https:\/\/www.relai-smtp.com\/faq\/wp-content\/uploads\/2023\/08\/Relai-Smtp.com-Exchange-2016-onglet-etendue.png 579w, https:\/\/www.relai-smtp.com\/faq\/wp-content\/uploads\/2023\/08\/Relai-Smtp.com-Exchange-2016-onglet-etendue-300x247.png 300w\" sizes=\"auto, (max-width: 579px) 100vw, 579px\" \/><\/p>\n<p>Cliquez \u00ab\u00a0+\u00a0\u00bb et indiquez \u00ab\u00a0*\u00a0\u00bb si vous souhaitez faire relayer l&rsquo;int\u00e9gralit\u00e9 de vos mails par nos serveurs. Si vous souhaitez prendre en charge sp\u00e9cifiquement un nom de domaine de destinataire, remplacer \u00ab\u00a0*\u00a0\u00bb par ce dernier.<\/p>\n<p>Cliquez \u00ab\u00a0+\u00a0\u00bb et renseignez le ou les serveurs qui vont utiliser ce connecteur.<\/p>\n<h3>B9 &#8211; Onglet Activation du connecteur<\/h3>\n<p><img loading=\"lazy\" decoding=\"async\" class=\"alignnone size-full wp-image-457\" src=\"https:\/\/www.relai-smtp.com\/faq\/wp-content\/uploads\/2023\/08\/Relai-Smtp.com_Exchange_2016_connecteur_envoi_activation.png\" alt=\"\" width=\"959\" height=\"216\" srcset=\"https:\/\/www.relai-smtp.com\/faq\/wp-content\/uploads\/2023\/08\/Relai-Smtp.com_Exchange_2016_connecteur_envoi_activation.png 959w, https:\/\/www.relai-smtp.com\/faq\/wp-content\/uploads\/2023\/08\/Relai-Smtp.com_Exchange_2016_connecteur_envoi_activation-300x68.png 300w, https:\/\/www.relai-smtp.com\/faq\/wp-content\/uploads\/2023\/08\/Relai-Smtp.com_Exchange_2016_connecteur_envoi_activation-768x173.png 768w\" sizes=\"auto, (max-width: 959px) 100vw, 959px\" \/><\/p>\n<p>S\u00e9lectionnez le connecteur que vous venez de cr\u00e9er puis cliquez sur \u00ab\u00a0Activer\u00a0\u00bb pour le rendre fonctionnel.<\/p>\n","protected":false},"excerpt":{"rendered":"<p>Le but est de configurer Exchange Server 2016 afin qu&rsquo;il d\u00e9pose tous les mails sortants sur les serveurs relai-smtp qui se chargeront de la remise au destinataire. Nous consid\u00e8rerons que vous n&rsquo;avez pas encore de connecteur d&rsquo;envoi. Si vous en avez un, il faudra le supprimer au pr\u00e9alable. Voici les diff\u00e9rentes \u00e9tapes n\u00e9cessaires \u00e0 la [&hellip;]<\/p>\n","protected":false},"author":1,"featured_media":0,"parent":147,"menu_order":0,"comment_status":"closed","ping_status":"closed","template":"","meta":{"footnotes":""},"class_list":["post-407","page","type-page","status-publish","hentry"],"_links":{"self":[{"href":"https:\/\/www.relai-smtp.com\/faq\/wp-json\/wp\/v2\/pages\/407","targetHints":{"allow":["GET"]}}],"collection":[{"href":"https:\/\/www.relai-smtp.com\/faq\/wp-json\/wp\/v2\/pages"}],"about":[{"href":"https:\/\/www.relai-smtp.com\/faq\/wp-json\/wp\/v2\/types\/page"}],"author":[{"embeddable":true,"href":"https:\/\/www.relai-smtp.com\/faq\/wp-json\/wp\/v2\/users\/1"}],"replies":[{"embeddable":true,"href":"https:\/\/www.relai-smtp.com\/faq\/wp-json\/wp\/v2\/comments?post=407"}],"version-history":[{"count":90,"href":"https:\/\/www.relai-smtp.com\/faq\/wp-json\/wp\/v2\/pages\/407\/revisions"}],"predecessor-version":[{"id":507,"href":"https:\/\/www.relai-smtp.com\/faq\/wp-json\/wp\/v2\/pages\/407\/revisions\/507"}],"up":[{"embeddable":true,"href":"https:\/\/www.relai-smtp.com\/faq\/wp-json\/wp\/v2\/pages\/147"}],"wp:attachment":[{"href":"https:\/\/www.relai-smtp.com\/faq\/wp-json\/wp\/v2\/media?parent=407"}],"curies":[{"name":"wp","href":"https:\/\/api.w.org\/{rel}","templated":true}]}}