{"id":268,"date":"2019-06-06T17:44:58","date_gmt":"2019-06-06T15:44:58","guid":{"rendered":"https:\/\/www.relai-smtp.com\/faq\/?page_id=268"},"modified":"2019-06-15T14:37:03","modified_gmt":"2019-06-15T12:37:03","slug":"hmailserver-martin-knafve","status":"publish","type":"page","link":"https:\/\/www.relai-smtp.com\/faq\/les-logiciels\/hmailserver-martin-knafve\/","title":{"rendered":"hMailServer (Martin Knafve)"},"content":{"rendered":"<p>Le but est de configurer hMailServerafin qu&rsquo;il d\u00e9pose tous les mails sortants sur les serveurs relai-smtp qui se chargeront de la remise finale au destinataire. Voici les diff\u00e9rentes \u00e9tapes n\u00e9cessaires \u00e0 sa mise en place.<\/p>\n<h2>A &#8211; Configuration avec un compte smtp<\/h2>\n<h3>1 &#8211; Cr\u00e9er un compte smtp<\/h3>\n<p>Pour cr\u00e9er un <a href=\"https:\/\/www.relai-smtp.com\/faq\/mise_en_route_rapide\/relai-par-compte-smtp\/\" target=\"_blank\" rel=\"noopener noreferrer\"><em>compte smtp<\/em><\/a>, suivez les \u00e9tapes d\u00e9crites <a href=\"https:\/\/www.relai-smtp.com\/faq\/mise_en_route_rapide\/relai-par-compte-smtp\/\" target=\"_blank\" rel=\"noopener noreferrer\">ici<\/a> puis reprenez le cours de ce guide. Dans le cas pr\u00e9sent, nous avons cr\u00e9\u00e9 le compte <em>relai-smtp@mondomaine.fr<\/em> avec le mot de passe <em>motdepasse!<\/em><\/p>\n<h3>2 &#8211; Modifier hMailServer<\/h3>\n<p>D\u00e9roulez l&rsquo;arbre jusqu&rsquo;\u00e0 la rubrique SMTP (Settings &gt; Protocols &gt; SMTP) :<\/p>\n<p><img loading=\"lazy\" decoding=\"async\" class=\"alignnone size-full wp-image-272\" src=\"https:\/\/www.relai-smtp.com\/faq\/wp-content\/uploads\/2019\/06\/Relai-smtp_hMailServer_smtp.png\" alt=\"\" width=\"123\" height=\"239\" \/><\/p>\n<h3>3 &#8211; D\u00e9finir les serveurs de relai-smtp<\/h3>\n<p>Inspirez-vous de l&rsquo;image ci-dessous pour compl\u00e9ter la configuration :<\/p>\n<p><img loading=\"lazy\" decoding=\"async\" class=\"alignnone size-full wp-image-274\" src=\"https:\/\/www.relai-smtp.com\/faq\/wp-content\/uploads\/2019\/06\/Relai-smtp_hMailServer_smtp_gateway.png\" alt=\"\" width=\"368\" height=\"406\" srcset=\"https:\/\/www.relai-smtp.com\/faq\/wp-content\/uploads\/2019\/06\/Relai-smtp_hMailServer_smtp_gateway.png 368w, https:\/\/www.relai-smtp.com\/faq\/wp-content\/uploads\/2019\/06\/Relai-smtp_hMailServer_smtp_gateway-272x300.png 272w\" sizes=\"auto, (max-width: 368px) 100vw, 368px\" \/><\/p>\n<p><em>Remote host name<\/em> : smtp.relai-smtp.net<br \/>\nRemote TCP\/IP port : 465<br \/>\nUser name : relai-smtp@mondomaine.fr (d\u00e9fini \u00e0 l&rsquo;\u00e9tape 1 ci-dessus)<br \/>\nPassword : motdepasse! (d\u00e9fini \u00e0 l&rsquo;\u00e9tape 1 ci-dessus)<br \/>\nConnection security : SSL\/TLS<\/p>\n<h3>4 &#8211; Envoyez un mail de test<\/h3>\n<p>&nbsp;<\/p>\n<h2>B &#8211; Configuration avec une adresse ip<\/h2>\n<h3>1 &#8211; Cr\u00e9er un relai par adresse ip<\/h3>\n<p>Pour cr\u00e9er un <a href=\"https:\/\/www.relai-smtp.com\/faq\/mise_en_route_rapide\/relai-par-adresse-ip\/\"><em>relai par adresse ip<\/em><\/a>, suivez les \u00e9tapes d\u00e9crites <a href=\"https:\/\/www.relai-smtp.com\/faq\/mise_en_route_rapide\/relai-par-adresse-ip\/\">ici<\/a> puis reprenez le cours de ce guide. Dans le cas pr\u00e9sent, nous utiliserons l&rsquo;adresse IP <em>1.2.3.4<\/em> et le nom de domaine <em>mondomaine.fr. <\/em><\/p>\n<h3>2 &#8211; Modifier hMailServer<\/h3>\n<p>D\u00e9roulez l&rsquo;arbre jusqu&rsquo;\u00e0 la rubrique SMTP (Settings &gt; Protocols &gt; SMTP) :<\/p>\n<p><img loading=\"lazy\" decoding=\"async\" class=\"alignnone size-full wp-image-272\" src=\"https:\/\/www.relai-smtp.com\/faq\/wp-content\/uploads\/2019\/06\/Relai-smtp_hMailServer_smtp.png\" alt=\"\" width=\"123\" height=\"239\" \/><\/p>\n<h3>3 &#8211; D\u00e9finir les serveurs de relai-smtp<\/h3>\n<p>Inspirez-vous de l&rsquo;image ci-dessous pour compl\u00e9ter la configuration :<\/p>\n<p><img loading=\"lazy\" decoding=\"async\" class=\"alignnone size-full wp-image-278\" src=\"https:\/\/www.relai-smtp.com\/faq\/wp-content\/uploads\/2019\/06\/Relai-smtp_hMailServer_smtp_gateway_sans_authentification.png\" alt=\"\" width=\"362\" height=\"414\" srcset=\"https:\/\/www.relai-smtp.com\/faq\/wp-content\/uploads\/2019\/06\/Relai-smtp_hMailServer_smtp_gateway_sans_authentification.png 362w, https:\/\/www.relai-smtp.com\/faq\/wp-content\/uploads\/2019\/06\/Relai-smtp_hMailServer_smtp_gateway_sans_authentification-262x300.png 262w\" sizes=\"auto, (max-width: 362px) 100vw, 362px\" \/><\/p>\n<p><em>Remote host name<\/em> : smtp.relai-smtp.net<br \/>\nRemote TCP\/IP port : 25<br \/>\nConnection security : STARTTLS (Optional)<\/p>\n<h3>4 &#8211; Envoyez un mail de test<\/h3>\n","protected":false},"excerpt":{"rendered":"<p>Le but est de configurer hMailServerafin qu&rsquo;il d\u00e9pose tous les mails sortants sur les serveurs relai-smtp qui se chargeront de la remise finale au destinataire. Voici les diff\u00e9rentes \u00e9tapes n\u00e9cessaires \u00e0 sa mise en place. A &#8211; Configuration avec un compte smtp 1 &#8211; Cr\u00e9er un compte smtp Pour cr\u00e9er un compte smtp, suivez les [&hellip;]<\/p>\n","protected":false},"author":1,"featured_media":0,"parent":147,"menu_order":0,"comment_status":"closed","ping_status":"closed","template":"","meta":{"footnotes":""},"class_list":["post-268","page","type-page","status-publish","hentry"],"_links":{"self":[{"href":"https:\/\/www.relai-smtp.com\/faq\/wp-json\/wp\/v2\/pages\/268","targetHints":{"allow":["GET"]}}],"collection":[{"href":"https:\/\/www.relai-smtp.com\/faq\/wp-json\/wp\/v2\/pages"}],"about":[{"href":"https:\/\/www.relai-smtp.com\/faq\/wp-json\/wp\/v2\/types\/page"}],"author":[{"embeddable":true,"href":"https:\/\/www.relai-smtp.com\/faq\/wp-json\/wp\/v2\/users\/1"}],"replies":[{"embeddable":true,"href":"https:\/\/www.relai-smtp.com\/faq\/wp-json\/wp\/v2\/comments?post=268"}],"version-history":[{"count":9,"href":"https:\/\/www.relai-smtp.com\/faq\/wp-json\/wp\/v2\/pages\/268\/revisions"}],"predecessor-version":[{"id":281,"href":"https:\/\/www.relai-smtp.com\/faq\/wp-json\/wp\/v2\/pages\/268\/revisions\/281"}],"up":[{"embeddable":true,"href":"https:\/\/www.relai-smtp.com\/faq\/wp-json\/wp\/v2\/pages\/147"}],"wp:attachment":[{"href":"https:\/\/www.relai-smtp.com\/faq\/wp-json\/wp\/v2\/media?parent=268"}],"curies":[{"name":"wp","href":"https:\/\/api.w.org\/{rel}","templated":true}]}}