{"id":2,"date":"2018-12-14T11:39:56","date_gmt":"2018-12-14T10:39:56","guid":{"rendered":"https:\/\/www.relai-smtp.com\/faq_dev\/?page_id=2"},"modified":"2019-03-08T13:07:50","modified_gmt":"2019-03-08T12:07:50","slug":"page-d-exemple","status":"publish","type":"page","link":"https:\/\/www.relai-smtp.com\/faq\/","title":{"rendered":"Bienvenue sur la F.A.Q"},"content":{"rendered":"\r\n<p style=\"text-align: justify;\">La rubrique <a href=\"https:\/\/www.relai-smtp.com\/faq\/mise_en_route_rapide\/\">\u00ab\u00a0Mise en route\u00a0\u00bb<\/a> vous permettra de mettre en place votre passerelle smtp en quelques minutes.<\/p>\r\n\r\n\r\n\r\n<p style=\"text-align: justify;\">La rubrique <a href=\"https:\/\/www.relai-smtp.com\/faq\/les-logiciels\/\">\u00ab\u00a0Logiciels\u00a0\u00bb<\/a> contient des guides pas \u00e0 pas qui vous aideront dans la configuration de vos logiciels.<\/p>\r\n\r\n\r\n\r\n\r\n\r\n<blockquote class=\"wp-block-quote is-layout-flow wp-block-quote-is-layout-flow\">\r\n<p style=\"text-align: justify;\">Nous enrichissons r\u00e9guli\u00e8rement le contenu de cette foire aux questions. N&rsquo;h\u00e9sitez pas \u00e0 nous contacter si l&rsquo;information que vous recherchez n&rsquo;est pas en ligne.<\/p>\r\n<cite>Bonne lecture &#8230;<br \/><\/cite><\/blockquote>\r\n","protected":false},"excerpt":{"rendered":"<p>La rubrique \u00ab\u00a0Mise en route\u00a0\u00bb vous permettra de mettre en place votre passerelle smtp en quelques minutes. La rubrique \u00ab\u00a0Logiciels\u00a0\u00bb contient des guides pas \u00e0 pas qui vous aideront dans la configuration de vos logiciels. Nous enrichissons r\u00e9guli\u00e8rement le contenu de cette foire aux questions. N&rsquo;h\u00e9sitez pas \u00e0 nous contacter si l&rsquo;information que vous recherchez [&hellip;]<\/p>\n","protected":false},"author":1,"featured_media":0,"parent":0,"menu_order":0,"comment_status":"closed","ping_status":"open","template":"","meta":{"footnotes":""},"class_list":["post-2","page","type-page","status-publish","hentry"],"_links":{"self":[{"href":"https:\/\/www.relai-smtp.com\/faq\/wp-json\/wp\/v2\/pages\/2","targetHints":{"allow":["GET"]}}],"collection":[{"href":"https:\/\/www.relai-smtp.com\/faq\/wp-json\/wp\/v2\/pages"}],"about":[{"href":"https:\/\/www.relai-smtp.com\/faq\/wp-json\/wp\/v2\/types\/page"}],"author":[{"embeddable":true,"href":"https:\/\/www.relai-smtp.com\/faq\/wp-json\/wp\/v2\/users\/1"}],"replies":[{"embeddable":true,"href":"https:\/\/www.relai-smtp.com\/faq\/wp-json\/wp\/v2\/comments?post=2"}],"version-history":[{"count":15,"href":"https:\/\/www.relai-smtp.com\/faq\/wp-json\/wp\/v2\/pages\/2\/revisions"}],"predecessor-version":[{"id":265,"href":"https:\/\/www.relai-smtp.com\/faq\/wp-json\/wp\/v2\/pages\/2\/revisions\/265"}],"wp:attachment":[{"href":"https:\/\/www.relai-smtp.com\/faq\/wp-json\/wp\/v2\/media?parent=2"}],"curies":[{"name":"wp","href":"https:\/\/api.w.org\/{rel}","templated":true}]}}