{"id":151,"date":"2019-01-03T16:09:55","date_gmt":"2019-01-03T15:09:55","guid":{"rendered":"https:\/\/www.relai-smtp.com\/faq\/?page_id=151"},"modified":"2024-03-13T15:03:35","modified_gmt":"2024-03-13T14:03:35","slug":"postfix","status":"publish","type":"page","link":"https:\/\/www.relai-smtp.com\/faq\/les-logiciels\/postfix\/","title":{"rendered":"Postfix (Wietse Venema)"},"content":{"rendered":"<p>Le but est de configurer Postfix afin qu&rsquo;il d\u00e9pose tous les mails sortants sur les serveurs relai-smtp qui se chargeront de la remise au destinataire. Voici les diff\u00e9rentes \u00e9tapes n\u00e9cessaires \u00e0 sa mise en place.<\/p>\n<h2>A &#8211; Configuration avec un compte smtp<\/h2>\n<h3>1 &#8211; Cr\u00e9er un compte smtp<\/h3>\n<p>Pour cr\u00e9er un <a href=\"https:\/\/www.relai-smtp.com\/faq\/mise_en_route_rapide\/relai-par-compte-smtp\/\" target=\"_blank\" rel=\"noopener\"><em>compte smtp<\/em><\/a>, suivez les \u00e9tapes d\u00e9crites <a href=\"https:\/\/www.relai-smtp.com\/faq\/mise_en_route_rapide\/relai-par-compte-smtp\/\" target=\"_blank\" rel=\"noopener\">ici<\/a> puis reprenez le cours de ce guide. Dans le cas pr\u00e9sent, nous avons cr\u00e9\u00e9 le compte <em>relai-smtp@mondomaine.fr<\/em> avec le mot de passe <em>motdepasse!<\/em><\/p>\n<p>&nbsp;<\/p>\n<h3>2 &#8211; Effectuer une copie de secours<\/h3>\n<pre><em>cp \/etc\/postfix\/main.cf \/etc\/postfix\/main.cf.old\r\n<\/em><\/pre>\n<p>au cas o\u00f9 il serait n\u00e9cessaire de faire un retour arri\u00e8re.<\/p>\n<p>&nbsp;<\/p>\n<h3>3 &#8211; Modifier \/etc\/postfix\/main.cf<\/h3>\n<p>Nous indiquons que les mails sortants devront transiter par smtp.relai-smtp.net sur le port 12525 (afin de contourner le blocage du port 25 sur de nombreuses box). Ajoutez ou modifiez cette ligne :<\/p>\n<pre><em>relayhost = [smtp.relai-smtp.net]:12525<\/em><\/pre>\n<p>Ajoutez ou modifiez les lignes suivantes pour activer l&rsquo;authentification lors du d\u00e9p\u00f4t de vos mails sur nos serveurs. La derni\u00e8re ligne indique que l&rsquo;utilisateur et le mot de passe se trouvent dans le fichier\u00a0 \/etc\/postfix\/sasl-pass.<\/p>\n<pre>smtp_sasl_auth_enable = yes\r\nsmtp_sasl_security_options = noanonymous\r\nsmtp_sasl_tls_security_options = noanonymous\r\nsmtp_sasl_password_maps = hash:\/etc\/postfix\/sasl-pass<\/pre>\n<p>&nbsp;<\/p>\n<h3>4 &#8211; Cr\u00e9er le fichier \/etc\/postfix\/sasl-pass<\/h3>\n<p>Cr\u00e9ez ou modifiez le fichier \/etc\/postfix\/sasl-pass et indiquez l&rsquo;utilisateur et le mot de passe que vous avez enregistr\u00e9s \u00e0 l&rsquo;\u00e9tape 1 :<\/p>\n<pre>[smtp.relai-smtp.net]:12525 relai-smtp@mondomaine.fr:motdepasse!<\/pre>\n<p>&nbsp;<\/p>\n<h3>5 &#8211; G\u00e9n\u00e9ration de la table et red\u00e9marrage<\/h3>\n<p>G\u00e9n\u00e9rez la table sasl-pass \u00e0 l&rsquo;aide de la commande suivante :<\/p>\n<pre><code>postmap hash:\/etc\/postfix\/<em>sasl<\/em><em>-pass<\/em><\/code><\/pre>\n<p>Red\u00e9marrez postfix :<\/p>\n<pre>\/etc\/init.d\/postfix restart<\/pre>\n<p>Envoyez un mail de test et consultez les logs postfix pour v\u00e9rifier que tout se d\u00e9roule comme souhait\u00e9.<\/p>\n<p>&nbsp;<\/p>\n<h2>B &#8211; Configuration avec une adresse ip<\/h2>\n<h3>1 &#8211; Cr\u00e9er un relai par adresse ip<\/h3>\n<p>Pour cr\u00e9er un <a href=\"https:\/\/www.relai-smtp.com\/faq\/mise_en_route_rapide\/relai-par-adresse-ip\/\"><em>relai par adresse ip<\/em><\/a>, suivez les \u00e9tapes d\u00e9crites <a href=\"https:\/\/www.relai-smtp.com\/faq\/mise_en_route_rapide\/relai-par-adresse-ip\/\">ici<\/a> puis reprenez le cours de ce guide. Dans le cas pr\u00e9sent, nous utiliserons l&rsquo;adresse IP <em>1.2.3.4<\/em> et le nom de domaine <em>mondomaine.fr. <\/em><\/p>\n<p>&nbsp;<\/p>\n<h3>2 &#8211; Effectuer une copie de secours<\/h3>\n<pre><em>cp \/etc\/postfix\/main.cf \/etc\/postfix\/main.cf.old\r\n<\/em><\/pre>\n<p>au cas o\u00f9 il serait n\u00e9cessaire de faire un retour arri\u00e8re.<\/p>\n<p>&nbsp;<\/p>\n<h3>3 &#8211; Modifier \/etc\/postfix\/main.cf<\/h3>\n<p>Nous indiquons que les mails sortants devront transiter par smtp.relai-smtp.net sur le port 12525 (afin de contourner le blocage du port 25 sur de nombreuses box). Ajoutez ou modifiez cette ligne :<\/p>\n<pre><em>relayhost = [smtp.relai-smtp.net]:12525<\/em><\/pre>\n<h3>4 &#8211; Red\u00e9marrage de postfix<\/h3>\n<p>Red\u00e9marrez postfix :<\/p>\n<pre>\/etc\/init.d\/postfix restart<\/pre>\n<p>Envoyez un mail de test et consultez les logs postfix pour v\u00e9rifier que tout se d\u00e9roule comme souhait\u00e9.<\/p>\n<p>Astuce : Si vous avez plusieurs noms de domaine dont les mails transitent par votre postfix, cr\u00e9ez autant d&rsquo;enregistrements que de noms de domaine \u00e0 relayer lors de l&rsquo;\u00e9tape 1.<\/p>\n","protected":false},"excerpt":{"rendered":"<p>Le but est de configurer Postfix afin qu&rsquo;il d\u00e9pose tous les mails sortants sur les serveurs relai-smtp qui se chargeront de la remise au destinataire. Voici les diff\u00e9rentes \u00e9tapes n\u00e9cessaires \u00e0 sa mise en place. A &#8211; Configuration avec un compte smtp 1 &#8211; Cr\u00e9er un compte smtp Pour cr\u00e9er un compte smtp, suivez les [&hellip;]<\/p>\n","protected":false},"author":1,"featured_media":0,"parent":147,"menu_order":0,"comment_status":"closed","ping_status":"closed","template":"","meta":{"footnotes":""},"class_list":["post-151","page","type-page","status-publish","hentry"],"_links":{"self":[{"href":"https:\/\/www.relai-smtp.com\/faq\/wp-json\/wp\/v2\/pages\/151","targetHints":{"allow":["GET"]}}],"collection":[{"href":"https:\/\/www.relai-smtp.com\/faq\/wp-json\/wp\/v2\/pages"}],"about":[{"href":"https:\/\/www.relai-smtp.com\/faq\/wp-json\/wp\/v2\/types\/page"}],"author":[{"embeddable":true,"href":"https:\/\/www.relai-smtp.com\/faq\/wp-json\/wp\/v2\/users\/1"}],"replies":[{"embeddable":true,"href":"https:\/\/www.relai-smtp.com\/faq\/wp-json\/wp\/v2\/comments?post=151"}],"version-history":[{"count":27,"href":"https:\/\/www.relai-smtp.com\/faq\/wp-json\/wp\/v2\/pages\/151\/revisions"}],"predecessor-version":[{"id":512,"href":"https:\/\/www.relai-smtp.com\/faq\/wp-json\/wp\/v2\/pages\/151\/revisions\/512"}],"up":[{"embeddable":true,"href":"https:\/\/www.relai-smtp.com\/faq\/wp-json\/wp\/v2\/pages\/147"}],"wp:attachment":[{"href":"https:\/\/www.relai-smtp.com\/faq\/wp-json\/wp\/v2\/media?parent=151"}],"curies":[{"name":"wp","href":"https:\/\/api.w.org\/{rel}","templated":true}]}}