{"id":123,"date":"2018-12-24T10:04:38","date_gmt":"2018-12-24T09:04:38","guid":{"rendered":"https:\/\/www.relai-smtp.com\/faq\/?page_id=123"},"modified":"2019-01-01T13:05:40","modified_gmt":"2019-01-01T12:05:40","slug":"relai-par-adresse-ip","status":"publish","type":"page","link":"https:\/\/www.relai-smtp.com\/faq\/mise_en_route_rapide\/relai-par-adresse-ip\/","title":{"rendered":"Relai par adresse ip"},"content":{"rendered":"<p style=\"text-align: justify;\">Le\u00a0<strong>Relai par adresse ip<\/strong>\u00a0permet l&rsquo;envoi de vos mails en passant par nos serveurs. Vous n&rsquo;avez pas \u00e0 vous authentifier car c&rsquo;est votre adresse ip qui nous permet d&rsquo;accepter le relai. Cette configuration n\u00e9cessite que vous ayez une ip fixe sur Internet. Voici les diff\u00e9rentes \u00e9tapes n\u00e9cessaires \u00e0 sa mise en place :<\/p>\n<h3>1 &#8211; Connectez-vous \u00e0 la <a href=\"https:\/\/client.domwest.com\/\">zone client<\/a> \u00e0 l&rsquo;aide de vos identifiants<\/h3>\n<p><img loading=\"lazy\" decoding=\"async\" class=\"aligncenter wp-image-111 size-full\" src=\"https:\/\/www.relai-smtp.com\/faq\/wp-content\/uploads\/2018\/12\/Relai-Smtp.com-Zone-clients-Acc\u00e8s-r\u00e8glement\u00e9.png\" alt=\"\" width=\"300\" height=\"417\" srcset=\"https:\/\/www.relai-smtp.com\/faq\/wp-content\/uploads\/2018\/12\/Relai-Smtp.com-Zone-clients-Acc\u00e8s-r\u00e8glement\u00e9.png 300w, https:\/\/www.relai-smtp.com\/faq\/wp-content\/uploads\/2018\/12\/Relai-Smtp.com-Zone-clients-Acc\u00e8s-r\u00e8glement\u00e9-216x300.png 216w\" sizes=\"auto, (max-width: 300px) 100vw, 300px\" \/><\/p>\n<h3>2 &#8211; Cliquez sur le menu \u00ab\u00a0Mes relais\u00a0\u00bb<\/h3>\n<h3><img loading=\"lazy\" decoding=\"async\" class=\"size-full wp-image-113 aligncenter\" src=\"https:\/\/www.relai-smtp.com\/faq\/wp-content\/uploads\/2018\/12\/Relai-Smtp.com-Zone-client-Menu-relai.png\" alt=\"\" width=\"255\" height=\"127\" \/><\/h3>\n<h3>3 &#8211; Cliquez sur le menu \u00ab\u00a0Adresse ip\u00a0\u00bb<\/h3>\n<p><img loading=\"lazy\" decoding=\"async\" class=\"size-full wp-image-130 aligncenter\" src=\"https:\/\/www.relai-smtp.com\/faq\/wp-content\/uploads\/2018\/12\/Relai-Smtp.com-Zone-client-Adresse-ip.png\" alt=\"\" width=\"247\" height=\"172\" \/><\/p>\n<h3>4 &#8211; Cliquez sur \u00ab\u00a0Ajouter\u00a0\u00bb<\/h3>\n<p><img loading=\"lazy\" decoding=\"async\" class=\"wp-image-132 size-full aligncenter\" src=\"https:\/\/www.relai-smtp.com\/faq\/wp-content\/uploads\/2018\/12\/Relai-Smtp.com-Zone-clients-Adresse-ip-Ajouter.png\" alt=\"\" width=\"870\" height=\"342\" srcset=\"https:\/\/www.relai-smtp.com\/faq\/wp-content\/uploads\/2018\/12\/Relai-Smtp.com-Zone-clients-Adresse-ip-Ajouter.png 870w, https:\/\/www.relai-smtp.com\/faq\/wp-content\/uploads\/2018\/12\/Relai-Smtp.com-Zone-clients-Adresse-ip-Ajouter-300x118.png 300w, https:\/\/www.relai-smtp.com\/faq\/wp-content\/uploads\/2018\/12\/Relai-Smtp.com-Zone-clients-Adresse-ip-Ajouter-768x302.png 768w\" sizes=\"auto, (max-width: 870px) 100vw, 870px\" \/><\/p>\n<h3>5 &#8211; Renseignez le formulaire de droite en tenant compte des informations ci-dessous<\/h3>\n<p><img loading=\"lazy\" decoding=\"async\" class=\"alignnone size-full wp-image-134\" src=\"https:\/\/www.relai-smtp.com\/faq\/wp-content\/uploads\/2018\/12\/Relai-Smtp.com-Zone-clients-Adresse-ip-Ajouter_formulaire.png\" alt=\"\" width=\"449\" height=\"338\" srcset=\"https:\/\/www.relai-smtp.com\/faq\/wp-content\/uploads\/2018\/12\/Relai-Smtp.com-Zone-clients-Adresse-ip-Ajouter_formulaire.png 449w, https:\/\/www.relai-smtp.com\/faq\/wp-content\/uploads\/2018\/12\/Relai-Smtp.com-Zone-clients-Adresse-ip-Ajouter_formulaire-300x226.png 300w\" sizes=\"auto, (max-width: 449px) 100vw, 449px\" \/><\/p>\n<p><strong>Explications :<\/strong><\/p>\n<p>Imaginons que le nom de domaine que vous indiquez soit \u00ab\u00a0smtp@exemple.com\u00a0\u00bb. Nos serveurs accepterons les mails dont l&rsquo;exp\u00e9diteur est moi@exemple.com, contact@exemple.com ou compta@exemple.com.<\/p>\n<p>Les mails non rattach\u00e9s au nom de domaine \u00ab\u00a0exemple.com\u00a0\u00bb seront refoul\u00e9s. Par exemple, smtp@masociete.com ne pourra \u00eatre relay\u00e9 par nos serveurs.<\/p>\n<p>Ces mesures sont mises en place pour lutter contre le spam au cas o\u00f9 vous seriez infect\u00e9 par un virus. La lutte antispam nous permet de vous garantir un taux de remise \u00e9lev\u00e9 aupr\u00e8s de vos destinataires. Il est donc dans l\u2019int\u00e9r\u00eat de tous de tout mettre en \u0153uvre pour lutter contre ce fl\u00e9au.<\/p>\n<p>Si vous configurez un relai par <em>adresse ip<\/em> comme indiqu\u00e9 ci-dessus, <strong>vous n&rsquo;avez pas<\/strong> \u00e0 d\u00e9finir un relai par <a href=\"https:\/\/www.relai-smtp.com\/faq\/mise_en_route_rapide\/relai-par-compte-smtp\/\"><em>compte smtp<\/em><\/a> pour la m\u00eame connexion. C&rsquo;est, soit l&rsquo;un, soit l&rsquo;autre, mais pas les deux en m\u00eame temps.<\/p>\n<p>&nbsp;<\/p>\n<p>&nbsp;<\/p>\n<p>&nbsp;<\/p>\n<p>&nbsp;<\/p>\n<p>&nbsp;<\/p>\n<p>&nbsp;<\/p>\n<p>&nbsp;<\/p>\n<p>&nbsp;<\/p>\n<p>&nbsp;<\/p>\n<p>&nbsp;<\/p>\n<p>&nbsp;<\/p>\n<p>&nbsp;<\/p>\n<p>&nbsp;<\/p>\n<p>&nbsp;<\/p>\n<p>&nbsp;<\/p>\n<p>&nbsp;<\/p>\n<p>&nbsp;<\/p>\n<p>&nbsp;<\/p>\n<p>&nbsp;<\/p>\n<p>&nbsp;<\/p>\n<p>&nbsp;<\/p>\n<p>&nbsp;<\/p>\n<p>&nbsp;<\/p>\n<p>&nbsp;<\/p>\n<p>&nbsp;<\/p>\n<p>&nbsp;<\/p>\n<p>&nbsp;<\/p>\n<p>&nbsp;<\/p>\n","protected":false},"excerpt":{"rendered":"<p>Le\u00a0Relai par adresse ip\u00a0permet l&rsquo;envoi de vos mails en passant par nos serveurs. Vous n&rsquo;avez pas \u00e0 vous authentifier car c&rsquo;est votre adresse ip qui nous permet d&rsquo;accepter le relai. Cette configuration n\u00e9cessite que vous ayez une ip fixe sur Internet. Voici les diff\u00e9rentes \u00e9tapes n\u00e9cessaires \u00e0 sa mise en place : 1 &#8211; Connectez-vous [&hellip;]<\/p>\n","protected":false},"author":1,"featured_media":0,"parent":12,"menu_order":2,"comment_status":"closed","ping_status":"closed","template":"","meta":{"footnotes":""},"class_list":["post-123","page","type-page","status-publish","hentry"],"_links":{"self":[{"href":"https:\/\/www.relai-smtp.com\/faq\/wp-json\/wp\/v2\/pages\/123","targetHints":{"allow":["GET"]}}],"collection":[{"href":"https:\/\/www.relai-smtp.com\/faq\/wp-json\/wp\/v2\/pages"}],"about":[{"href":"https:\/\/www.relai-smtp.com\/faq\/wp-json\/wp\/v2\/types\/page"}],"author":[{"embeddable":true,"href":"https:\/\/www.relai-smtp.com\/faq\/wp-json\/wp\/v2\/users\/1"}],"replies":[{"embeddable":true,"href":"https:\/\/www.relai-smtp.com\/faq\/wp-json\/wp\/v2\/comments?post=123"}],"version-history":[{"count":11,"href":"https:\/\/www.relai-smtp.com\/faq\/wp-json\/wp\/v2\/pages\/123\/revisions"}],"predecessor-version":[{"id":145,"href":"https:\/\/www.relai-smtp.com\/faq\/wp-json\/wp\/v2\/pages\/123\/revisions\/145"}],"up":[{"embeddable":true,"href":"https:\/\/www.relai-smtp.com\/faq\/wp-json\/wp\/v2\/pages\/12"}],"wp:attachment":[{"href":"https:\/\/www.relai-smtp.com\/faq\/wp-json\/wp\/v2\/media?parent=123"}],"curies":[{"name":"wp","href":"https:\/\/api.w.org\/{rel}","templated":true}]}}