{"id":12,"date":"2018-12-14T12:05:37","date_gmt":"2018-12-14T11:05:37","guid":{"rendered":"https:\/\/www.relai-smtp.com\/faq_dev\/?page_id=12"},"modified":"2018-12-29T21:20:03","modified_gmt":"2018-12-29T20:20:03","slug":"mise_en_route_rapide","status":"publish","type":"page","link":"https:\/\/www.relai-smtp.com\/faq\/mise_en_route_rapide\/","title":{"rendered":"Mise en route"},"content":{"rendered":"\r\n<h2 class=\"wp-block-heading\">1 &#8211; Choisir le type de relai \u00e0 utiliser<\/h2>\r\n<p>&nbsp;<\/p>\r\n\r\n\r\n\r\n<h3 class=\"wp-block-heading\">Compte smtp<\/h3>\r\n\r\n\r\n\r\n\r\n\r\n<p style=\"text-align: justify;\">Sa mise en place est classique ( utilisateur\/mot de passe). C&rsquo;est le mode que nous privil\u00e9gions par d\u00e9faut. La cr\u00e9ation des identifiants se fait sur la <a href=\"https:\/\/client.relai-smtp.com\" target=\"_blank\" rel=\"noreferrer noopener\" aria-label=\"Sa mise en place est classique ( utilisateur\/mot de passe).C'est le mode que nous privil\u00e9gions par d\u00e9faut. La cr\u00e9ation des identifiants se fait sur sur la zone client. \r\n (opens in a new tab)\">zone client<\/a>.<\/p>\r\n\r\n\r\n\r\n<p style=\"text-align: justify;\">Le relai par <em>compte smtp<\/em> permet une utilisation nomade. M\u00eame si vous b\u00e9n\u00e9ficiez d&rsquo;une adresse ip fixe, n&rsquo;h\u00e9sitez pas \u00e0 choisir ce mode si vos contraintes techniques le permettent.<\/p>\r\n<p><a href=\"https:\/\/www.relai-smtp.com\/faq\/mise_en_route_rapide\/relai-par-compte-smtp\/\">Vous trouverez plus d&rsquo;informations sur ce type de relai en cliquant ici.<\/a><\/p>\r\n<p>&nbsp;<\/p>\r\n\r\n\r\n\r\n<h3 class=\"wp-block-heading\">Adresse ip<\/h3>\r\n\r\n\r\n\r\n<p style=\"text-align: justify;\">Ce mode n\u00e9cessite que vous ayez une adresse ip fixe pour votre connexion internet afin que nous puissions vous reconnaitre et accepter de relayer vos mails.<\/p>\r\n\r\n\r\n\r\n<p style=\"text-align: justify;\">Il est n\u00e9cessaire de d\u00e9clarer une adresse ipv4 et\/ou ipv6 et le nom de domaine \u00e0 relayer sur cette adresse ip. Vous pouvez, bien s\u00fbr, d\u00e9finir autant d&rsquo;adresses ip et de noms de domaine que vous le souhaitez. La cr\u00e9ation des paires ip\/domaine se fait sur la <a href=\"https:\/\/client.relai-smtp.com\" target=\"_blank\" rel=\"noreferrer noopener\" aria-label=\"Sa mise en place est classique ( utilisateur\/mot de passe).C'est le mode que nous privil\u00e9gions par d\u00e9faut. La cr\u00e9ation des identifiants se fait sur sur la zone client. \r\n (opens in a new tab)\">zone client<\/a>.<\/p>\r\n\r\n\r\n\r\n<p style=\"text-align: justify;\">Nous vous conseillons d&rsquo;utiliser ce mode que dans le cas o\u00f9 le relai par authentification ne peut \u00eatre utilis\u00e9.<\/p>\r\n<p><a href=\"https:\/\/www.relai-smtp.com\/faq\/mise_en_route_rapide\/relai-par-adresse-ip\/\">Vous trouverez plus d&rsquo;informations sur ce type de relai en cliquant ici.<\/a><\/p>\r\n<p>&nbsp;<\/p>\r\n\r\n\r\n\r\n<h2>2 &#8211; Configurez votre logiciel<\/h2>\r\n<p style=\"text-align: justify;\">Vous trouverez les informations n\u00e9cessaires \u00e0 la configuration de votre logiciel de messagerie ( adresse des serveurs, ports, etc&#8230;) sur la\u00a0<a href=\"https:\/\/client.relai-smtp.com\" target=\"_blank\" rel=\"noreferrer noopener\" aria-label=\"Sa mise en place est classique ( utilisateur\/mot de passe).C'est le mode que nous privil\u00e9gions par d\u00e9faut. La cr\u00e9ation des identifiants se fait sur sur la zone client. \r\n (opens in a new tab)\">zone client<\/a> .<\/p>\r\n","protected":false},"excerpt":{"rendered":"<p>1 &#8211; Choisir le type de relai \u00e0 utiliser &nbsp; Compte smtp Sa mise en place est classique ( utilisateur\/mot de passe). C&rsquo;est le mode que nous privil\u00e9gions par d\u00e9faut. La cr\u00e9ation des identifiants se fait sur la zone client. Le relai par compte smtp permet une utilisation nomade. M\u00eame si vous b\u00e9n\u00e9ficiez d&rsquo;une adresse [&hellip;]<\/p>\n","protected":false},"author":1,"featured_media":0,"parent":0,"menu_order":0,"comment_status":"closed","ping_status":"closed","template":"template-fullwidth.php","meta":{"footnotes":""},"class_list":["post-12","page","type-page","status-publish","hentry"],"_links":{"self":[{"href":"https:\/\/www.relai-smtp.com\/faq\/wp-json\/wp\/v2\/pages\/12","targetHints":{"allow":["GET"]}}],"collection":[{"href":"https:\/\/www.relai-smtp.com\/faq\/wp-json\/wp\/v2\/pages"}],"about":[{"href":"https:\/\/www.relai-smtp.com\/faq\/wp-json\/wp\/v2\/types\/page"}],"author":[{"embeddable":true,"href":"https:\/\/www.relai-smtp.com\/faq\/wp-json\/wp\/v2\/users\/1"}],"replies":[{"embeddable":true,"href":"https:\/\/www.relai-smtp.com\/faq\/wp-json\/wp\/v2\/comments?post=12"}],"version-history":[{"count":23,"href":"https:\/\/www.relai-smtp.com\/faq\/wp-json\/wp\/v2\/pages\/12\/revisions"}],"predecessor-version":[{"id":142,"href":"https:\/\/www.relai-smtp.com\/faq\/wp-json\/wp\/v2\/pages\/12\/revisions\/142"}],"wp:attachment":[{"href":"https:\/\/www.relai-smtp.com\/faq\/wp-json\/wp\/v2\/media?parent=12"}],"curies":[{"name":"wp","href":"https:\/\/api.w.org\/{rel}","templated":true}]}}